{"id":91,"date":"2020-06-19T14:19:37","date_gmt":"2020-06-19T14:19:37","guid":{"rendered":"https:\/\/fosforos.cl\/noticias.fosforos.cl\/?page_id=91"},"modified":"2025-11-21T20:04:46","modified_gmt":"2025-11-21T16:04:46","slug":"eventos","status":"publish","type":"page","link":"https:\/\/fosforos.cl\/noticias.fosforos.cl\/eventos\/","title":{"rendered":"EVENTOS"},"content":{"rendered":"\n<p class=\"has-text-align-center has-large-font-size\">                       <strong>  EVENTOS <\/strong><\/p>\n\n\n\n<div class=\"wp-block-media-text alignwide has-media-on-the-right is-stacked-on-mobile is-vertically-aligned-center\" style=\"grid-template-columns:auto 41%\"><div class=\"wp-block-media-text__content\">\n<h2 class=\"wp-block-heading\">Participamos en la Asamblea General del FSC 2025<\/h2>\n\n\n\n<h2 class=\"wp-block-heading\">Fecha 07\/11\/2025<\/h2>\n\n\n\n<p>L\u00edderes de todo el mundo se re\u00fanen en la Asamblea General del FSC 2025 que se desarrolla en Panam\u00e1 para construir juntos un futuro sostenible para las personas, los animales y los ecosistemas que dependen de ellos.<br><br>Este encuentro de socios, que se celebra cada tres a\u00f1os, ha reunido a m\u00e1s de 800 miembros del FSC, dentro de los cuales, encontramos comunidades ind\u00edgenas, ambientalistas, empresas, sindicatos, entre otros. \ud83c\udf3f<br><br>En este encuentro, Chile tambi\u00e9n est\u00e1 presente con la participaci\u00f3n de distintos representantes del sector forestal, en los que se encuentran:<br><br>&#8211;<a href=\"https:\/\/www.linkedin.com\/in\/jaime-venegas-norambuena-79836724\/\">Jaime Venegas Norambuena<\/a> &#8211; Presidente del Directorio FSC y representante de Grupo F\u00f3sforos<br>-Regina Massai- Directora Ejecutiva FSC Chile<br>-Alicia D\u00edaz- Miembro Individual de la C\u00e1mara Social<br><br><a href=\"https:\/\/www.linkedin.com\/company\/fsc-chile\/\">FSC_Chile<\/a> <a href=\"https:\/\/www.linkedin.com\/company\/fsclatinamerica\/\">FSC Latinoam\u00e9rica<\/a><\/p>\n<\/div><figure class=\"wp-block-media-text__media\"><img fetchpriority=\"high\" decoding=\"async\" width=\"300\" height=\"281\" src=\"https:\/\/fosforos.cl\/noticias.fosforos.cl\/wp-content\/uploads\/2025\/11\/1-compressed-scaled-e1763737742234-300x281.jpg\" alt=\"\" class=\"wp-image-1423 size-medium\" srcset=\"https:\/\/fosforos.cl\/noticias.fosforos.cl\/wp-content\/uploads\/2025\/11\/1-compressed-scaled-e1763737742234-300x281.jpg 300w, https:\/\/fosforos.cl\/noticias.fosforos.cl\/wp-content\/uploads\/2025\/11\/1-compressed-scaled-e1763737742234-1024x958.jpg 1024w, https:\/\/fosforos.cl\/noticias.fosforos.cl\/wp-content\/uploads\/2025\/11\/1-compressed-scaled-e1763737742234-768x719.jpg 768w, https:\/\/fosforos.cl\/noticias.fosforos.cl\/wp-content\/uploads\/2025\/11\/1-compressed-scaled-e1763737742234-1536x1437.jpg 1536w, https:\/\/fosforos.cl\/noticias.fosforos.cl\/wp-content\/uploads\/2025\/11\/1-compressed-scaled-e1763737742234.jpg 2048w\" sizes=\"(max-width: 300px) 100vw, 300px\" \/><\/figure><\/div>\n\n\n\n<hr class=\"wp-block-separator has-alpha-channel-opacity is-style-dots\"\/>\n\n\n\n<div class=\"wp-block-media-text alignwide has-media-on-the-right is-stacked-on-mobile is-vertically-aligned-center\" style=\"grid-template-columns:auto 41%\"><div class=\"wp-block-media-text__content\">\n<h2 class=\"wp-block-heading\">Participamos en EMPACK MADRID 2025<\/h2>\n\n\n\n<h2 class=\"wp-block-heading\">Fecha 21\/10\/2025<\/h2>\n\n\n\n<p>Estamos en <a href=\"https:\/\/www.linkedin.com\/company\/empackspain\/\">Empack Spain<\/a> 2025 \ud83c\udf0d<br><br>Viajamos desde Chile a reunirnos con clientes y partners para presentar nuestro cumplimiento EUDR en madera: trazabilidad de origen, Due Diligence Module y cadena de custodia certificada.<br>Seguimos impulsando soluciones de madera limpia, responsable y sustentable para packaging y consumo masivo.<br><br><\/p>\n<\/div><figure class=\"wp-block-media-text__media\"><img decoding=\"async\" width=\"819\" height=\"1024\" src=\"https:\/\/fosforos.cl\/noticias.fosforos.cl\/wp-content\/uploads\/2025\/11\/1-compressed-1-819x1024.jpg\" alt=\"\" class=\"wp-image-1442 size-medium\" srcset=\"https:\/\/fosforos.cl\/noticias.fosforos.cl\/wp-content\/uploads\/2025\/11\/1-compressed-1-819x1024.jpg 819w, https:\/\/fosforos.cl\/noticias.fosforos.cl\/wp-content\/uploads\/2025\/11\/1-compressed-1-240x300.jpg 240w, https:\/\/fosforos.cl\/noticias.fosforos.cl\/wp-content\/uploads\/2025\/11\/1-compressed-1-768x960.jpg 768w, https:\/\/fosforos.cl\/noticias.fosforos.cl\/wp-content\/uploads\/2025\/11\/1-compressed-1-1229x1536.jpg 1229w, https:\/\/fosforos.cl\/noticias.fosforos.cl\/wp-content\/uploads\/2025\/11\/1-compressed-1-1638x2048.jpg 1638w, https:\/\/fosforos.cl\/noticias.fosforos.cl\/wp-content\/uploads\/2025\/11\/1-compressed-1-scaled.jpg 2048w\" sizes=\"(max-width: 819px) 100vw, 819px\" \/><\/figure><\/div>\n\n\n\n<hr class=\"wp-block-separator has-alpha-channel-opacity is-style-dots\"\/>\n\n\n\n<div class=\"wp-block-media-text alignwide has-media-on-the-right is-stacked-on-mobile is-vertically-aligned-center\" style=\"grid-template-columns:auto 41%\"><div class=\"wp-block-media-text__content\">\n<h2 class=\"wp-block-heading\">Participamos en el 1er SUMMIT de Servicios Ecosist\u00e9micos FSC Latinoam\u00e9rica \u2013 \u201cConservar para Impactar\u201d<\/h2>\n\n\n\n<h2 class=\"wp-block-heading\">Fecha 17\/10\/2025<\/h2>\n\n\n\n<p>\ud83c\udf0d En el marco de la Semana del Bosque FSC 2025, participamos en el 1er SUMMIT de Servicios Ecosist\u00e9micos FSC Latinoam\u00e9rica \u2013 \u201cConservar para Impactar\u201d, un espacio de encuentro y di\u00e1logo regional sobre la valoraci\u00f3n del capital natural y la conservaci\u00f3n de servicios ecosist\u00e9micos.<br><br>Compa\u00f1\u00eda Chilena de F\u00f3sforos S.A. Representada por <a href=\"https:\/\/www.linkedin.com\/in\/jaime-venegas-norambuena-79836724\/\">Jaime Venegas Norambuena<\/a> Gerente Forestal, comparti\u00f3 nuestra experiencia en el uso de herramientas y factores clave para escalar proyectos con verificaci\u00f3n de impacto en servicios ecosist\u00e9micos, reforzando su rol estrat\u00e9gico dentro de las agendas empresariales y p\u00fablicas.<br><br>Orgullosos de nuestro recorrido \ud83d\udcaa<br><br>Saludos desde todo el Equipo Grupo F\u00f3sforos.<br><br><\/p>\n<\/div><figure class=\"wp-block-media-text__media\"><img decoding=\"async\" width=\"819\" height=\"1024\" src=\"https:\/\/fosforos.cl\/noticias.fosforos.cl\/wp-content\/uploads\/2025\/11\/1-compressed-2-819x1024.jpg\" alt=\"\" class=\"wp-image-1449 size-medium\" srcset=\"https:\/\/fosforos.cl\/noticias.fosforos.cl\/wp-content\/uploads\/2025\/11\/1-compressed-2-819x1024.jpg 819w, https:\/\/fosforos.cl\/noticias.fosforos.cl\/wp-content\/uploads\/2025\/11\/1-compressed-2-240x300.jpg 240w, https:\/\/fosforos.cl\/noticias.fosforos.cl\/wp-content\/uploads\/2025\/11\/1-compressed-2-768x960.jpg 768w, https:\/\/fosforos.cl\/noticias.fosforos.cl\/wp-content\/uploads\/2025\/11\/1-compressed-2-1229x1536.jpg 1229w, https:\/\/fosforos.cl\/noticias.fosforos.cl\/wp-content\/uploads\/2025\/11\/1-compressed-2-1638x2048.jpg 1638w, https:\/\/fosforos.cl\/noticias.fosforos.cl\/wp-content\/uploads\/2025\/11\/1-compressed-2-scaled.jpg 2048w\" sizes=\"(max-width: 819px) 100vw, 819px\" \/><\/figure><\/div>\n\n\n\n<p><\/p>\n","protected":false},"excerpt":{"rendered":"<p>EVENTOS Participamos en la Asamblea General del FSC 2025 Fecha 07\/11\/2025 L\u00edderes de todo el mundo se re\u00fanen en la Asamblea General del FSC 2025 que se desarrolla en Panam\u00e1 para construir juntos un futuro sostenible para las personas, los animales y los ecosistemas que dependen de ellos. Este encuentro de socios, que se celebra&hellip;&nbsp;<a href=\"https:\/\/fosforos.cl\/noticias.fosforos.cl\/eventos\/\" rel=\"bookmark\">Leer m\u00e1s &raquo;<span class=\"screen-reader-text\">EVENTOS<\/span><\/a><\/p>\n","protected":false},"author":1,"featured_media":0,"parent":0,"menu_order":0,"comment_status":"closed","ping_status":"closed","template":"page-templates\/template-pagebuilder-full-width.php","meta":{"neve_meta_sidebar":"full-width","neve_meta_container":"","neve_meta_enable_content_width":"on","neve_meta_content_width":100,"neve_meta_title_alignment":"","neve_meta_author_avatar":"","neve_post_elements_order":"","neve_meta_disable_header":"","neve_meta_disable_footer":"","neve_meta_disable_title":"","footnotes":""},"class_list":["post-91","page","type-page","status-publish","hentry"],"_links":{"self":[{"href":"https:\/\/fosforos.cl\/noticias.fosforos.cl\/wp-json\/wp\/v2\/pages\/91","targetHints":{"allow":["GET"]}}],"collection":[{"href":"https:\/\/fosforos.cl\/noticias.fosforos.cl\/wp-json\/wp\/v2\/pages"}],"about":[{"href":"https:\/\/fosforos.cl\/noticias.fosforos.cl\/wp-json\/wp\/v2\/types\/page"}],"author":[{"embeddable":true,"href":"https:\/\/fosforos.cl\/noticias.fosforos.cl\/wp-json\/wp\/v2\/users\/1"}],"replies":[{"embeddable":true,"href":"https:\/\/fosforos.cl\/noticias.fosforos.cl\/wp-json\/wp\/v2\/comments?post=91"}],"version-history":[{"count":24,"href":"https:\/\/fosforos.cl\/noticias.fosforos.cl\/wp-json\/wp\/v2\/pages\/91\/revisions"}],"predecessor-version":[{"id":1450,"href":"https:\/\/fosforos.cl\/noticias.fosforos.cl\/wp-json\/wp\/v2\/pages\/91\/revisions\/1450"}],"wp:attachment":[{"href":"https:\/\/fosforos.cl\/noticias.fosforos.cl\/wp-json\/wp\/v2\/media?parent=91"}],"curies":[{"name":"wp","href":"https:\/\/api.w.org\/{rel}","templated":true}]}}