{"id":2,"date":"2020-06-18T23:38:41","date_gmt":"2020-06-18T19:38:41","guid":{"rendered":"https:\/\/noticias.fosforos.cl\/?page_id=2"},"modified":"2020-11-16T18:43:34","modified_gmt":"2020-11-16T14:43:34","slug":"galeria","status":"publish","type":"page","link":"https:\/\/fosforos.cl\/noticias.fosforos.cl\/galeria\/","title":{"rendered":"GALER\u00cdAS"},"content":{"rendered":"\t\t<div data-elementor-type=\"wp-page\" data-elementor-id=\"2\" class=\"elementor elementor-2\">\n\t\t\t\t\t\t<section class=\"elementor-section elementor-top-section elementor-element elementor-element-d962343 elementor-section-boxed elementor-section-height-default elementor-section-height-default\" data-id=\"d962343\" data-element_type=\"section\">\n\t\t\t\t\t\t<div class=\"elementor-container elementor-column-gap-default\">\n\t\t\t\t\t<div class=\"elementor-column elementor-col-100 elementor-top-column elementor-element elementor-element-5950829\" data-id=\"5950829\" data-element_type=\"column\">\n\t\t\t<div class=\"elementor-widget-wrap elementor-element-populated\">\n\t\t\t\t\t\t<div class=\"elementor-element elementor-element-02031f7 elementor-widget elementor-widget-spacer\" data-id=\"02031f7\" data-element_type=\"widget\" data-widget_type=\"spacer.default\">\n\t\t\t\t<div class=\"elementor-widget-container\">\n\t\t\t\t\t\t\t<div class=\"elementor-spacer\">\n\t\t\t<div class=\"elementor-spacer-inner\"><\/div>\n\t\t<\/div>\n\t\t\t\t\t\t<\/div>\n\t\t\t\t<\/div>\n\t\t\t\t<div class=\"elementor-element elementor-element-cacafcf elementor-widget elementor-widget-obfx-posts-grid\" data-id=\"cacafcf\" data-element_type=\"widget\" data-widget_type=\"obfx-posts-grid.default\">\n\t\t\t\t<div class=\"elementor-widget-container\">\n\t\t\t\t\t<div class=\"obfx-grid\"><div class=\"obfx-grid-container obfx-grid-style-list obfx-grid-desktop-1\"><div class=\"obfx-grid-wrapper\"><article class=\"obfx-grid-col\"><div class=\"obfx-grid-col-image\" ><a href=\"https:\/\/fosforos.cl\/noticias.fosforos.cl\/visita_ministra\/\" title=\"Ministra de Medio Ambiente encabeza compromiso  de C\u00eda. Chilena de F\u00f3sforos con sustentabilidad\"><img fetchpriority=\"high\" decoding=\"async\" width=\"1280\" height=\"854\" src=\"https:\/\/fosforos.cl\/noticias.fosforos.cl\/wp-content\/uploads\/2020\/06\/WhatsApp-Image-2020-11-12-at-21.47.52-1.jpeg\" class=\"img-responsive wp-post-image\" alt=\"WhatsApp Image 2020-11-12 at 21.47.52 (1)\" srcset=\"https:\/\/fosforos.cl\/noticias.fosforos.cl\/wp-content\/uploads\/2020\/06\/WhatsApp-Image-2020-11-12-at-21.47.52-1.jpeg 1280w, https:\/\/fosforos.cl\/noticias.fosforos.cl\/wp-content\/uploads\/2020\/06\/WhatsApp-Image-2020-11-12-at-21.47.52-1-300x200.jpeg 300w, https:\/\/fosforos.cl\/noticias.fosforos.cl\/wp-content\/uploads\/2020\/06\/WhatsApp-Image-2020-11-12-at-21.47.52-1-1024x683.jpeg 1024w, https:\/\/fosforos.cl\/noticias.fosforos.cl\/wp-content\/uploads\/2020\/06\/WhatsApp-Image-2020-11-12-at-21.47.52-1-768x512.jpeg 768w, https:\/\/fosforos.cl\/noticias.fosforos.cl\/wp-content\/uploads\/2020\/06\/WhatsApp-Image-2020-11-12-at-21.47.52-1-930x620.jpeg 930w\" sizes=\"(max-width: 1280px) 100vw, 1280px\" \/><\/a><\/div><div class=\"obfx-grid-col-content\">\t\t\t<h2 class=\"entry-title obfx-grid-title\">\n\t\t\t\t\t\t\t<a href=\"https:\/\/fosforos.cl\/noticias.fosforos.cl\/visita_ministra\/\" title=\"Ministra de Medio Ambiente encabeza compromiso  de C\u00eda. Chilena de F\u00f3sforos con sustentabilidad\">\n\t\t\t\t\tMinistra de Medio Ambiente encabeza compromiso  de C\u00eda. Chilena de F\u00f3sforos con sustentabilidad\t\t\t\t<\/a>\n\t\t\t\t\t\t\t<\/h2>\n\t\t\t\t\t\t\t<div class=\"entry-meta obfx-grid-meta\">\n\n\t\t\t\t\t\t\t\t\t\t\t\t\t<span class=\"obfx-grid-date\">\n\t\t\t\t\t\t\t\t\t<i class=\"fas fa-calendar\"><\/i>12\/11\/2020\t\t\t\t\t\t\t\t<\/span>\n\t\t\t\t\t\t\t\t\n\t\t\t\t<\/div>\n\t\t\t\t\t\t\t<div class=\"entry-content obfx-grid-content\">\n\t\t\t\tUna visita para conocer en detalle el proceso de cultivo y cuidado de los bosques, as\u00ed como la fabricaci\u00f3n de productos con madera 100% sustentable, realiz\u00f3 la ministra del Medio&hellip;\t\t\t<\/div>\n\t\t\t<\/div><\/article><\/div><div class=\"obfx-grid-wrapper\"><article class=\"obfx-grid-col\"><div class=\"obfx-grid-col-image\" ><a href=\"https:\/\/fosforos.cl\/noticias.fosforos.cl\/fonda-fosforos-2019\/\" title=\"Nuestros Colaboradores\"><img decoding=\"async\" width=\"1280\" height=\"861\" src=\"https:\/\/fosforos.cl\/noticias.fosforos.cl\/wp-content\/uploads\/2020\/06\/WhatsApp-Image-2020-06-19-at-13.03.31.jpeg\" class=\"img-responsive wp-post-image\" alt=\"WhatsApp-Image-2020-06-19-at-13.03.31\" srcset=\"https:\/\/fosforos.cl\/noticias.fosforos.cl\/wp-content\/uploads\/2020\/06\/WhatsApp-Image-2020-06-19-at-13.03.31.jpeg 1280w, https:\/\/fosforos.cl\/noticias.fosforos.cl\/wp-content\/uploads\/2020\/06\/WhatsApp-Image-2020-06-19-at-13.03.31-300x202.jpeg 300w, https:\/\/fosforos.cl\/noticias.fosforos.cl\/wp-content\/uploads\/2020\/06\/WhatsApp-Image-2020-06-19-at-13.03.31-1024x689.jpeg 1024w, https:\/\/fosforos.cl\/noticias.fosforos.cl\/wp-content\/uploads\/2020\/06\/WhatsApp-Image-2020-06-19-at-13.03.31-768x517.jpeg 768w\" sizes=\"(max-width: 1280px) 100vw, 1280px\" \/><\/a><\/div><div class=\"obfx-grid-col-content\">\t\t\t<h2 class=\"entry-title obfx-grid-title\">\n\t\t\t\t\t\t\t<a href=\"https:\/\/fosforos.cl\/noticias.fosforos.cl\/fonda-fosforos-2019\/\" title=\"Nuestros Colaboradores\">\n\t\t\t\t\tNuestros Colaboradores\t\t\t\t<\/a>\n\t\t\t\t\t\t\t<\/h2>\n\t\t\t\t\t\t\t<div class=\"entry-meta obfx-grid-meta\">\n\n\t\t\t\t\t\t\t\t\t\t\t\t\t<span class=\"obfx-grid-date\">\n\t\t\t\t\t\t\t\t\t<i class=\"fas fa-calendar\"><\/i>23\/06\/2020\t\t\t\t\t\t\t\t<\/span>\n\t\t\t\t\t\t\t\t\n\t\t\t\t<\/div>\n\t\t\t\t\t\t\t<div class=\"entry-content obfx-grid-content\">\n\t\t\t\tTrabajadores Temsa\t\t\t<\/div>\n\t\t\t<\/div><\/article><\/div><\/div><!-- .obfx-grid-container --><\/div><!-- .obfx-grid -->\t\t\t\t<\/div>\n\t\t\t\t<\/div>\n\t\t\t\t\t<\/div>\n\t\t<\/div>\n\t\t\t\t\t<\/div>\n\t\t<\/section>\n\t\t\t\t<\/div>\n\t\t","protected":false},"excerpt":{"rendered":"<p>Fiesta de Navidad 2019 24\/06\/2020 Fechas como&nbsp;Navidad son aprovechadas por las empresas para fortalecer los valores corporativos de la empresa, porque se abre la posibilidad de poner en pr\u00e1ctica acciones que unan al personal en\u2026 Leer m\u00e1s<\/p>\n","protected":false},"author":1,"featured_media":0,"parent":0,"menu_order":0,"comment_status":"closed","ping_status":"closed","template":"","meta":{"neve_meta_sidebar":"","neve_meta_container":"","neve_meta_enable_content_width":"off","neve_meta_content_width":0,"neve_meta_title_alignment":"","neve_meta_author_avatar":"","neve_post_elements_order":"","neve_meta_disable_header":"","neve_meta_disable_footer":"","neve_meta_disable_title":"on","footnotes":""},"class_list":["post-2","page","type-page","status-publish","hentry"],"_links":{"self":[{"href":"https:\/\/fosforos.cl\/noticias.fosforos.cl\/wp-json\/wp\/v2\/pages\/2","targetHints":{"allow":["GET"]}}],"collection":[{"href":"https:\/\/fosforos.cl\/noticias.fosforos.cl\/wp-json\/wp\/v2\/pages"}],"about":[{"href":"https:\/\/fosforos.cl\/noticias.fosforos.cl\/wp-json\/wp\/v2\/types\/page"}],"author":[{"embeddable":true,"href":"https:\/\/fosforos.cl\/noticias.fosforos.cl\/wp-json\/wp\/v2\/users\/1"}],"replies":[{"embeddable":true,"href":"https:\/\/fosforos.cl\/noticias.fosforos.cl\/wp-json\/wp\/v2\/comments?post=2"}],"version-history":[{"count":16,"href":"https:\/\/fosforos.cl\/noticias.fosforos.cl\/wp-json\/wp\/v2\/pages\/2\/revisions"}],"predecessor-version":[{"id":493,"href":"https:\/\/fosforos.cl\/noticias.fosforos.cl\/wp-json\/wp\/v2\/pages\/2\/revisions\/493"}],"wp:attachment":[{"href":"https:\/\/fosforos.cl\/noticias.fosforos.cl\/wp-json\/wp\/v2\/media?parent=2"}],"curies":[{"name":"wp","href":"https:\/\/api.w.org\/{rel}","templated":true}]}}